{"id":1454,"date":"2019-08-13T22:55:19","date_gmt":"2019-08-13T20:55:19","guid":{"rendered":"http:\/\/farben-soerensen.de\/sikkerhedsteknik\/"},"modified":"2019-08-13T22:55:19","modified_gmt":"2019-08-13T20:55:19","slug":"sikkerhedsteknik","status":"publish","type":"page","link":"https:\/\/farben-soerensen.de\/da\/sikkerhedsteknik\/","title":{"rendered":"Sikkerhedsteknik"},"content":{"rendered":"<p>[et_pb_section fb_built=&#8221;1&#8243; _builder_version=&#8221;3.23.3&#8243; background_image=&#8221;https:\/\/farben-soerensen.de\/wp-content\/uploads\/2019\/04\/black-bg.jpg&#8221; background_size=&#8221;initial&#8221; background_position=&#8221;top_right&#8221; custom_padding=&#8221;50px|0px|0|0px|false|false&#8221; top_divider_arrangement=&#8221;above_content&#8221; custom_css_main_element=&#8221;background-size:25% auto !important&#8221;][et_pb_row custom_padding=&#8221;0|0px|25px|0px|false|false&#8221; _builder_version=&#8221;3.22.3&#8243;][et_pb_column type=&#8221;4_4&#8243; _builder_version=&#8221;3.21.1&#8243;][et_pb_text _builder_version=&#8221;3.24&#8243; header_font=&#8221;|700|||||||&#8221; header_text_color=&#8221;#e75454&#8243; header_font_size=&#8221;105px&#8221; header_font_size_tablet=&#8221;80px&#8221; header_font_size_phone=&#8221;30px&#8221; header_font_size_last_edited=&#8221;on|phone&#8221;]<\/p>\n<h1>Sikkerhedsteknik<\/h1>\n<p>[\/et_pb_text][\/et_pb_column][\/et_pb_row][et_pb_row custom_padding=&#8221;0px|0px|0px|0px&#8221; custom_margin=&#8221;|||&#8221; admin_label=&#8221;Header Row&#8221; _builder_version=&#8221;3.22.3&#8243;][et_pb_column type=&#8221;1_2&#8243; _builder_version=&#8221;3.0.47&#8243;][et_pb_cta title=&#8221;P\u00e5lidelig specialist-sikkerhedsteknik&#8221; button_url=&#8221;#top&#8221; admin_label=&#8221;Heading, Subheading &#038; CTA Button&#8221; _builder_version=&#8221;3.24&#8243; header_level=&#8221;h1&#8243; header_font=&#8221;Muli|700|||||||&#8221; header_text_align=&#8221;left&#8221; header_font_size=&#8221;50px&#8221; header_line_height=&#8221;1.4em&#8221; body_font=&#8221;Muli|600|||||||&#8221; body_text_align=&#8221;left&#8221; body_font_size=&#8221;15px&#8221; body_line_height=&#8221;1.8em&#8221; use_background_color=&#8221;off&#8221; custom_button=&#8221;on&#8221; button_text_size=&#8221;16px&#8221; button_text_color=&#8221;#ffffff&#8221; button_bg_color=&#8221;#f45942&#8243; button_border_width=&#8221;10px&#8221; button_border_color=&#8221;#f4583f&#8221; button_border_radius=&#8221;0px&#8221; button_font=&#8221;Muli|700|||||||&#8221; button_use_icon=&#8221;off&#8221; background_layout=&#8221;light&#8221; custom_margin=&#8221;7vw||3vw|&#8221; custom_margin_tablet=&#8221;3vw||3vw|&#8221; custom_margin_phone=&#8221;|||&#8221; custom_margin_last_edited=&#8221;on|desktop&#8221; animation_style=&#8221;fade&#8221; header_font_size_phone=&#8221;25px&#8221; header_font_size_last_edited=&#8221;on|phone&#8221; button_border_radius_hover=&#8221;0px&#8221; button_text_size__hover_enabled=&#8221;off&#8221; button_one_text_size__hover_enabled=&#8221;off&#8221; button_two_text_size__hover_enabled=&#8221;off&#8221; button_text_color__hover_enabled=&#8221;off&#8221; button_one_text_color__hover_enabled=&#8221;off&#8221; button_two_text_color__hover_enabled=&#8221;off&#8221; button_border_width__hover_enabled=&#8221;off&#8221; button_one_border_width__hover_enabled=&#8221;off&#8221; button_two_border_width__hover_enabled=&#8221;off&#8221; button_border_color__hover_enabled=&#8221;off&#8221; button_one_border_color__hover_enabled=&#8221;off&#8221; button_two_border_color__hover_enabled=&#8221;off&#8221; button_border_radius__hover_enabled=&#8221;on&#8221; button_border_radius__hover=&#8221;0px&#8221; button_one_border_radius__hover_enabled=&#8221;off&#8221; button_two_border_radius__hover_enabled=&#8221;off&#8221; button_letter_spacing__hover_enabled=&#8221;off&#8221; button_one_letter_spacing__hover_enabled=&#8221;off&#8221; button_two_letter_spacing__hover_enabled=&#8221;off&#8221; button_bg_color__hover_enabled=&#8221;off&#8221; button_one_bg_color__hover_enabled=&#8221;off&#8221; button_two_bg_color__hover_enabled=&#8221;off&#8221;]Beskyttelse og Sikkerhed: Dette er form\u00e5let med tilstedev\u00e6relsen af moderne sikkerhedsteknik. Fra cykeltyverisikring til teknologiske sikkerhedsl\u00f8sninger huset til sikkerhed p\u00e5 byggepladser og i virksomheder til professionelle tyverialarmer \u2013 udvalget af produkter inden for dette omr\u00e5de er stort. I vores butik finder husejere og bygherrer den helt rigtige l\u00f8sning inden for sikkerhedsteknologi, ligesom h\u00e5ndv\u00e6rkerfirmaer, der har sikkerhedstjenester i deres portef\u00f8lje. Vores eksperter st\u00e5r naturligvis altid til r\u00e5dighed med ekspertr\u00e5dgivning i forhold til at finde det bedste l\u00f8sning. Og n\u00e5r det kommer til montering, hj\u00e6lper vi ogs\u00e5 gerne. I vores butik tilbyder vi desuden professionel kopiering af n\u00f8gler s\u00e5vel som service og planer til l\u00e5sesystemer.[\/et_pb_cta][\/et_pb_column][et_pb_column type=&#8221;1_2&#8243; _builder_version=&#8221;3.0.47&#8243;][et_pb_image src=&#8221;https:\/\/farben-soerensen.de\/wp-content\/uploads\/Sicherheit1.jpg&#8221; align_tablet=&#8221;center&#8221; align_last_edited=&#8221;on|desktop&#8221; admin_label=&#8221;Header Image&#8221; _builder_version=&#8221;3.23.3&#8243; max_width=&#8221;80%&#8221; module_alignment=&#8221;center&#8221; custom_margin=&#8221;|||||&#8221;][\/et_pb_image][\/et_pb_column][\/et_pb_row][\/et_pb_section][et_pb_section fb_built=&#8221;1&#8243; _builder_version=&#8221;3.22.3&#8243; custom_padding=&#8221;0|0px|0|0px|false|false&#8221;][et_pb_row use_custom_gutter=&#8221;on&#8221; gutter_width=&#8221;1&#8243; custom_padding=&#8221;0|0px|6vh|0px|false|false&#8221; custom_margin=&#8221;50px|||&#8221; background_color_1=&#8221;#787370&#8243; padding_left_2=&#8221;25px&#8221; admin_label=&#8221;Intro Row&#8221; module_class=&#8221; et_pb_row_fullwidth&#8221; _builder_version=&#8221;3.22.4&#8243; width=&#8221;100%&#8221; width_tablet=&#8221;100%&#8221; width_last_edited=&#8221;on|desktop&#8221; max_width=&#8221;100%&#8221; max_width_tablet=&#8221;100%&#8221; max_width_last_edited=&#8221;on|desktop&#8221; make_fullwidth=&#8221;on&#8221;][et_pb_column type=&#8221;4_4&#8243; _builder_version=&#8221;3.0.47&#8243;][et_pb_text admin_label=&#8221;Title &#038; Paragraph&#8221; _builder_version=&#8221;3.24&#8243; text_font=&#8221;Muli|600|||||||&#8221; text_text_color=&#8221;rgba(255,255,255,0.55)&#8221; text_font_size=&#8221;15px&#8221; text_line_height=&#8221;1.8em&#8221; ul_font=&#8221;||||||||&#8221; header_font=&#8221;||||||||&#8221; header_text_align=&#8221;center&#8221; header_font_size=&#8221;25px&#8221; header_2_font=&#8221;Muli|700|||||||&#8221; header_2_font_size=&#8221;50px&#8221; header_2_line_height=&#8221;1.4em&#8221; text_orientation=&#8221;center&#8221; background_layout=&#8221;dark&#8221; max_width=&#8221;1121px&#8221; max_width_last_edited=&#8221;on|phone&#8221; module_alignment=&#8221;center&#8221; custom_margin=&#8221;|||&#8221; custom_padding=&#8221;100px||100px|0px||&#8221; custom_padding_last_edited=&#8221;on|desktop&#8221;]<\/p>\n<h2>M\u00e6rker, der st\u00e5r for kvalitet<\/h2>\n<p>Sikkerhedstekniks p\u00e5lidelighed er alfa omega, og her er m\u00e6rkets kvalitet vigtig \u2013 fra l\u00e5sen p\u00e5 hovedd\u00f8ren til l\u00e5sen p\u00e5 vinduet, eller n\u00f8gleboksen. Med produkterne fra m\u00e6rkerne Burg-W\u00e4chter og Abus best\u00e5r vores sortiment bl.a. af to af de f\u00f8rende producenter p\u00e5 markedet, hvis sikkerhedsprodukter regelm\u00e6ssigt bliver k\u00e5ret som testvindere. Hvorvidt det er sikring mod indbrud af private huse, Smart Security til moderne intelligente hjem eller den klassiske sikring af et firmaomr\u00e5de: Hos os finder du de rette l\u00f8sninger.\n<\/p>\n<p>[\/et_pb_text][\/et_pb_column][\/et_pb_row][\/et_pb_section][et_pb_section fb_built=&#8221;1&#8243; _builder_version=&#8221;3.22.7&#8243;][et_pb_row _builder_version=&#8221;3.22.7&#8243;][et_pb_column type=&#8221;1_4&#8243; _builder_version=&#8221;3.22.7&#8243;][\/et_pb_column][et_pb_column type=&#8221;1_4&#8243; _builder_version=&#8221;3.22.7&#8243;][et_pb_image src=&#8221;https:\/\/farben-soerensen.de\/wp-content\/uploads\/AbusLogo.png&#8221; url=&#8221;http:\/\/www.abus.de&#8221; align_tablet=&#8221;center&#8221; align_last_edited=&#8221;on|desktop&#8221; _builder_version=&#8221;3.23.3&#8243;][\/et_pb_image][\/et_pb_column][et_pb_column type=&#8221;1_4&#8243; _builder_version=&#8221;3.22.7&#8243;][et_pb_image src=&#8221;https:\/\/farben-soerensen.de\/wp-content\/uploads\/BurgWaechterLogo.png&#8221; url=&#8221;https:\/\/www.burg.biz\/&#8221; align_tablet=&#8221;center&#8221; align_last_edited=&#8221;on|desktop&#8221; _builder_version=&#8221;3.23.3&#8243;][\/et_pb_image][\/et_pb_column][et_pb_column type=&#8221;1_4&#8243; _builder_version=&#8221;3.22.7&#8243;][\/et_pb_column][\/et_pb_row][\/et_pb_section][et_pb_section fb_built=&#8221;1&#8243; fullwidth=&#8221;on&#8221; _builder_version=&#8221;3.22.7&#8243;][et_pb_fullwidth_image src=&#8221;https:\/\/farben-soerensen.de\/wp-content\/uploads\/SicherheitstechnikDivider.jpg&#8221; _builder_version=&#8221;3.23.3&#8243;][\/et_pb_fullwidth_image][\/et_pb_section][et_pb_section fb_built=&#8221;1&#8243; _builder_version=&#8221;3.22.3&#8243; custom_padding=&#8221;40px|0px|40px|0px|true|false&#8221;][et_pb_row custom_padding=&#8221;0px|0px|0px|0px&#8221; custom_css_main_1=&#8221;float:left;&#8221; _builder_version=&#8221;3.22.3&#8243; module_alignment=&#8221;center&#8221;][et_pb_column type=&#8221;1_2&#8243; _builder_version=&#8221;3.21.1&#8243;][et_pb_cta title=&#8221;Trends inden for sikkerhedsteknologi&#8221; button_url=&#8221;#top&#8221; admin_label=&#8221;Heading, Subheading &#038; CTA Button&#8221; _builder_version=&#8221;3.24&#8243; header_level=&#8221;h1&#8243; header_font=&#8221;Muli|700|||||||&#8221; header_text_align=&#8221;left&#8221; header_font_size=&#8221;58px&#8221; header_line_height=&#8221;1.4em&#8221; body_font=&#8221;Muli|600|||||||&#8221; body_text_align=&#8221;left&#8221; body_font_size=&#8221;15px&#8221; body_line_height=&#8221;1.8em&#8221; use_background_color=&#8221;off&#8221; custom_button=&#8221;on&#8221; button_text_size=&#8221;16px&#8221; button_text_color=&#8221;#ffffff&#8221; button_bg_color=&#8221;#e75454&#8243; button_border_width=&#8221;10px&#8221; button_border_color=&#8221;#e75454&#8243; button_border_radius=&#8221;0px&#8221; button_font=&#8221;Muli|700|||||||&#8221; button_use_icon=&#8221;off&#8221; background_layout=&#8221;light&#8221; custom_margin=&#8221;||3vw|&#8221; custom_margin_tablet=&#8221;3vw||3vw|&#8221; custom_margin_phone=&#8221;|||&#8221; custom_margin_last_edited=&#8221;on|desktop&#8221; animation_style=&#8221;fade&#8221; header_font_size_phone=&#8221;25px&#8221; header_font_size_last_edited=&#8221;on|phone&#8221; button_border_radius_hover=&#8221;0px&#8221; button_text_size__hover_enabled=&#8221;off&#8221; button_one_text_size__hover_enabled=&#8221;off&#8221; button_two_text_size__hover_enabled=&#8221;off&#8221; button_text_color__hover_enabled=&#8221;off&#8221; button_one_text_color__hover_enabled=&#8221;off&#8221; button_two_text_color__hover_enabled=&#8221;off&#8221; button_border_width__hover_enabled=&#8221;off&#8221; button_one_border_width__hover_enabled=&#8221;off&#8221; button_two_border_width__hover_enabled=&#8221;off&#8221; button_border_color__hover_enabled=&#8221;off&#8221; button_one_border_color__hover_enabled=&#8221;off&#8221; button_two_border_color__hover_enabled=&#8221;off&#8221; button_border_radius__hover_enabled=&#8221;on&#8221; button_border_radius__hover=&#8221;0px&#8221; button_one_border_radius__hover_enabled=&#8221;off&#8221; button_two_border_radius__hover_enabled=&#8221;off&#8221; button_letter_spacing__hover_enabled=&#8221;off&#8221; button_one_letter_spacing__hover_enabled=&#8221;off&#8221; button_two_letter_spacing__hover_enabled=&#8221;off&#8221; button_bg_color__hover_enabled=&#8221;off&#8221; button_one_bg_color__hover_enabled=&#8221;off&#8221; button_two_bg_color__hover_enabled=&#8221;off&#8221;]Ud over den stadigt voksende sikkerhedsstandard for klassiske sikkerhedsprodukter som cykell\u00e5se eller l\u00e5sesystemer, takket v\u00e6re moderne materialer, er digitalisering en af de vigtigste trends inden for sikkerhedsteknologi. <\/p>\n<p>Vi hj\u00e6lper dig med at finde det optimale system eller produkt til dine Smart Security-l\u00f8sninger, som passer til dine behov, blandt vores store udvalg. I vores butik tager fagr\u00e5dgivere sig god tid til at hj\u00e6lpe dig.[\/et_pb_cta][\/et_pb_column][et_pb_column type=&#8221;1_2&#8243; _builder_version=&#8221;3.21.1&#8243;][et_pb_image src=&#8221;https:\/\/farben-soerensen.de\/wp-content\/uploads\/Sicherheit3.jpg&#8221; align_tablet=&#8221;center&#8221; align_last_edited=&#8221;on|desktop&#8221; _builder_version=&#8221;3.23.3&#8243; custom_padding=&#8221;||1px|||&#8221;][\/et_pb_image][\/et_pb_column][\/et_pb_row][\/et_pb_section][et_pb_section fb_built=&#8221;1&#8243; _builder_version=&#8221;3.22.3&#8243; custom_padding=&#8221;1px|0px|0|0px|false|false&#8221;][et_pb_row custom_padding=&#8221;28.6719px|0px|0|0px|false|false&#8221; _builder_version=&#8221;3.22.3&#8243; module_alignment=&#8221;center&#8221;][et_pb_column type=&#8221;4_4&#8243; _builder_version=&#8221;3.21.1&#8243;][et_pb_cta title=&#8221;Hvad kan vi g\u00f8re for dig?&#8221; button_url=&#8221;#top&#8221; admin_label=&#8221;Heading, Subheading &#038; CTA Button&#8221; _builder_version=&#8221;3.24&#8243; header_level=&#8221;h1&#8243; header_font=&#8221;Muli|700|||||||&#8221; header_text_align=&#8221;center&#8221; header_font_size=&#8221;58px&#8221; header_line_height=&#8221;1.4em&#8221; body_font=&#8221;Muli|600|||||||&#8221; body_text_align=&#8221;center&#8221; body_font_size=&#8221;15px&#8221; body_line_height=&#8221;1.8em&#8221; use_background_color=&#8221;off&#8221; custom_button=&#8221;on&#8221; button_text_size=&#8221;16px&#8221; button_text_color=&#8221;#ffffff&#8221; button_bg_color=&#8221;#f45942&#8243; button_border_width=&#8221;10px&#8221; button_border_color=&#8221;#f4583f&#8221; button_border_radius=&#8221;0px&#8221; button_font=&#8221;Muli|700|||||||&#8221; button_use_icon=&#8221;off&#8221; background_layout=&#8221;light&#8221; custom_margin=&#8221;||3vw|&#8221; custom_margin_tablet=&#8221;3vw||3vw|&#8221; custom_margin_phone=&#8221;|||&#8221; custom_margin_last_edited=&#8221;on|desktop&#8221; animation_style=&#8221;fade&#8221; header_font_size_phone=&#8221;25px&#8221; header_font_size_last_edited=&#8221;on|phone&#8221; button_border_radius_hover=&#8221;0px&#8221; button_text_size__hover_enabled=&#8221;off&#8221; button_one_text_size__hover_enabled=&#8221;off&#8221; button_two_text_size__hover_enabled=&#8221;off&#8221; button_text_color__hover_enabled=&#8221;off&#8221; button_one_text_color__hover_enabled=&#8221;off&#8221; button_two_text_color__hover_enabled=&#8221;off&#8221; button_border_width__hover_enabled=&#8221;off&#8221; button_one_border_width__hover_enabled=&#8221;off&#8221; button_two_border_width__hover_enabled=&#8221;off&#8221; button_border_color__hover_enabled=&#8221;off&#8221; button_one_border_color__hover_enabled=&#8221;off&#8221; button_two_border_color__hover_enabled=&#8221;off&#8221; button_border_radius__hover_enabled=&#8221;on&#8221; button_border_radius__hover=&#8221;0px&#8221; button_one_border_radius__hover_enabled=&#8221;off&#8221; button_two_border_radius__hover_enabled=&#8221;off&#8221; button_letter_spacing__hover_enabled=&#8221;off&#8221; button_one_letter_spacing__hover_enabled=&#8221;off&#8221; button_two_letter_spacing__hover_enabled=&#8221;off&#8221; button_bg_color__hover_enabled=&#8221;off&#8221; button_one_bg_color__hover_enabled=&#8221;off&#8221; button_two_bg_color__hover_enabled=&#8221;off&#8221;]<\/p>\n<p>Du har sp\u00f8rgsm\u00e5l har brug for r\u00e5d eller en produktinformation?<br \/>\nGerne hj\u00e6lper vores fagpersonale fra vores sikkerhedsafdeling.<\/p>\n<p><a style=\"font-size: 35px;\" href=\"+49461534028\">0461 &#8211; 50 32 430<\/a><\/p>\n<p>[\/et_pb_cta][\/et_pb_column][\/et_pb_row][\/et_pb_section][et_pb_section fb_built=&#8221;1&#8243; admin_label=&#8221;Subscription Section&#8221; _builder_version=&#8221;3.24&#8243; background_image=&#8221;https:\/\/farben-soerensen.de\/wp-content\/uploads\/WusstenSieBG-Sicherheit.jpg&#8221; background_position=&#8221;bottom_center&#8221; custom_margin=&#8221;||&#8221; custom_padding=&#8221;50px|0px|0|0px|false|false&#8221;][et_pb_row _builder_version=&#8221;3.22.3&#8243; custom_padding=&#8221;||114px|||&#8221;][et_pb_column type=&#8221;1_2&#8243; _builder_version=&#8221;3.21.1&#8243;][\/et_pb_column][et_pb_column type=&#8221;1_2&#8243; _builder_version=&#8221;3.21.1&#8243;][et_pb_cta title=&#8221;Vidste du \u2026&#8221; button_url=&#8221;https:\/\/farben-soerensen.de\/da\/1404-revision-v1\/&#8221; admin_label=&#8221;Heading, Subheading &#038; CTA Button&#8221; _builder_version=&#8221;3.24&#8243; header_level=&#8221;h1&#8243; header_font=&#8221;Muli|700|||||||&#8221; header_text_align=&#8221;left&#8221; header_font_size=&#8221;58px&#8221; header_line_height=&#8221;1.4em&#8221; body_font=&#8221;Muli|600|||||||&#8221; body_text_align=&#8221;left&#8221; body_font_size=&#8221;16px&#8221; body_line_height=&#8221;1.8em&#8221; use_background_color=&#8221;off&#8221; custom_button=&#8221;on&#8221; button_text_size=&#8221;16px&#8221; button_text_color=&#8221;#ffffff&#8221; button_bg_color=&#8221;#f45942&#8243; button_border_width=&#8221;10px&#8221; button_border_color=&#8221;#f4583f&#8221; button_border_radius=&#8221;0px&#8221; button_font=&#8221;Muli|700|||||||&#8221; button_use_icon=&#8221;off&#8221; button_alignment=&#8221;right&#8221; background_layout=&#8221;light&#8221; custom_margin=&#8221;7vw||3vw|&#8221; custom_margin_tablet=&#8221;3vw||3vw|&#8221; custom_margin_phone=&#8221;|||&#8221; custom_margin_last_edited=&#8221;on|desktop&#8221; custom_padding=&#8221;|||45px||&#8221; animation_style=&#8221;fade&#8221; header_font_size_phone=&#8221;25px&#8221; header_font_size_last_edited=&#8221;on|phone&#8221; button_border_radius_hover=&#8221;0px&#8221; button_text_size__hover_enabled=&#8221;off&#8221; button_one_text_size__hover_enabled=&#8221;off&#8221; button_two_text_size__hover_enabled=&#8221;off&#8221; button_text_color__hover_enabled=&#8221;off&#8221; button_one_text_color__hover_enabled=&#8221;off&#8221; button_two_text_color__hover_enabled=&#8221;off&#8221; button_border_width__hover_enabled=&#8221;off&#8221; button_one_border_width__hover_enabled=&#8221;off&#8221; button_two_border_width__hover_enabled=&#8221;off&#8221; button_border_color__hover_enabled=&#8221;off&#8221; button_one_border_color__hover_enabled=&#8221;off&#8221; button_two_border_color__hover_enabled=&#8221;off&#8221; button_border_radius__hover_enabled=&#8221;on&#8221; button_border_radius__hover=&#8221;0px&#8221; button_one_border_radius__hover_enabled=&#8221;off&#8221; button_two_border_radius__hover_enabled=&#8221;off&#8221; button_letter_spacing__hover_enabled=&#8221;off&#8221; button_one_letter_spacing__hover_enabled=&#8221;off&#8221; button_two_letter_spacing__hover_enabled=&#8221;off&#8221; button_bg_color__hover_enabled=&#8221;off&#8221; button_one_bg_color__hover_enabled=&#8221;off&#8221; button_two_bg_color__hover_enabled=&#8221;off&#8221; button_text=&#8221;Kontakt&#8221;]at vi ogs\u00e5 vil komme til dit sted og foretage en individuel h\u00f8ring og planl\u00e6gning af dit sikkerhedskoncept.<\/p>\n<p>Uanset om det er privat eller virksomheden Din sikkerhed er vigtig for os. Lav en aftale nu hos vores sikkerhedseksperter.<br \/>\n[\/et_pb_cta][\/et_pb_column][\/et_pb_row][\/et_pb_section]<\/p>\n","protected":false},"excerpt":{"rendered":"<p>SikkerhedsteknikBeskyttelse og Sikkerhed: Dette er form\u00e5let med tilstedev\u00e6relsen af moderne sikkerhedsteknik. Fra cykeltyverisikring til teknologiske sikkerhedsl\u00f8sninger huset til sikkerhed p\u00e5 byggepladser og i virksomheder til professionelle tyverialarmer \u2013 udvalget af produkter inden for dette omr\u00e5de er stort. I vores butik finder husejere og bygherrer den helt rigtige l\u00f8sning inden for sikkerhedsteknologi, ligesom h\u00e5ndv\u00e6rkerfirmaer, der har [&hellip;]<\/p>\n","protected":false},"author":1,"featured_media":0,"parent":0,"menu_order":0,"comment_status":"closed","ping_status":"closed","template":"","meta":{"_et_pb_use_builder":"on","_et_pb_old_content":"","_et_gb_content_width":"","footnotes":""},"class_list":["post-1454","page","type-page","status-publish","hentry"],"_links":{"self":[{"href":"https:\/\/farben-soerensen.de\/da\/wp-json\/wp\/v2\/pages\/1454","targetHints":{"allow":["GET"]}}],"collection":[{"href":"https:\/\/farben-soerensen.de\/da\/wp-json\/wp\/v2\/pages"}],"about":[{"href":"https:\/\/farben-soerensen.de\/da\/wp-json\/wp\/v2\/types\/page"}],"author":[{"embeddable":true,"href":"https:\/\/farben-soerensen.de\/da\/wp-json\/wp\/v2\/users\/1"}],"replies":[{"embeddable":true,"href":"https:\/\/farben-soerensen.de\/da\/wp-json\/wp\/v2\/comments?post=1454"}],"version-history":[{"count":0,"href":"https:\/\/farben-soerensen.de\/da\/wp-json\/wp\/v2\/pages\/1454\/revisions"}],"wp:attachment":[{"href":"https:\/\/farben-soerensen.de\/da\/wp-json\/wp\/v2\/media?parent=1454"}],"curies":[{"name":"wp","href":"https:\/\/api.w.org\/{rel}","templated":true}]}}