{"id":1410,"date":"2019-08-08T08:09:59","date_gmt":"2019-08-08T08:09:59","guid":{"rendered":"http:\/\/4.18.76"},"modified":"2020-06-12T09:18:33","modified_gmt":"2020-06-12T07:18:33","slug":"kolofon","status":"publish","type":"page","link":"https:\/\/farben-soerensen.de\/da\/kolofon\/","title":{"rendered":"Kolofon"},"content":{"rendered":"<p>[et_pb_section fb_built=&#8221;1&#8243; admin_label=&#8221;section&#8221; _builder_version=&#8221;3.22.7&#8243; background_image=&#8221;https:\/\/farben-soerensen.de\/wp-content\/uploads\/farben-bg-std.jpg&#8221; background_size=&#8221;initial&#8221; background_position=&#8221;bottom_right&#8221; custom_css_main_element=&#8221;    background-size: 50% !important;||    background-position: 75% 25%;&#8221; custom_css_after=&#8221;||&#8221;][et_pb_row _builder_version=&#8221;3.25&#8243;][et_pb_column type=&#8221;4_4&#8243; _builder_version=&#8221;3.25&#8243; custom_padding=&#8221;|||&#8221; custom_padding__hover=&#8221;|||&#8221;][et_pb_text _builder_version=&#8221;3.27.4&#8243; header_font=&#8221;|700|||||||&#8221; header_text_color=&#8221;#e75454&#8243; header_font_size=&#8221;100px&#8221;]<\/p>\n<h1>Kolofon<\/h1>\n<p>[\/et_pb_text][\/et_pb_column][\/et_pb_row][et_pb_row column_structure=&#8221;1_2,1_2&#8243; _builder_version=&#8221;3.25&#8243;][et_pb_column type=&#8221;1_2&#8243; _builder_version=&#8221;3.25&#8243; custom_padding=&#8221;|||&#8221; custom_padding__hover=&#8221;|||&#8221;][et_pb_text _builder_version=&#8221;3.27.4&#8243;]<\/p>\n<h2> <\/h2>\n<h3> Oplysninger i henhold til \u00a7 5 Telemedia Act (TMG) <\/h3>\n<p> <strong> Farben S\u00f6rensen GmbH &#038; amp; Co. KG <\/strong> <br \/> Friesische Str. 67 <br \/> 24937 Flensburg <br \/> Tyskland <\/p>\n<h3> Kontakt <\/h3>\n<p> Tlf .: +49 (0) 461 50 32 40 <br \/> Fax: +49 (0) 461 50 32 433 <br \/> E-mail: info@farben-soerensen.de <\/p>\n<p> Registrer domstol: Landsret Flensburg <br \/> Registreringsnummer: HRA 6126 <\/p>\n<p> <strong> Personligt ansvarlig partner til Farben S\u00f6rensen GmbH &#038; amp; Co. KG: <\/strong> <br \/> Farben S\u00f6rensen GmbH <br \/> Friesische Str. 67 <br \/> 24937 Flensburg <\/p>\n<h3> Administrerende direkt\u00f8r for Farben S\u00f6rensen GmbH: <\/h3>\n<p> Renold S\u00f6rensen <\/p>\n<h3> Moms-ID <\/h3>\n<p> Identifikationsnummer for moms i henhold til \u00a7 27a lov om oms\u00e6tningsafgift (UStG): DE 815 009 863 <\/p>\n<p>[\/et_pb_text][\/et_pb_column][et_pb_column type=&#8221;1_2&#8243; _builder_version=&#8221;3.25&#8243; custom_padding=&#8221;|||&#8221; custom_padding__hover=&#8221;|||&#8221;][et_pb_text _builder_version=&#8221;3.27.4&#8243;]<\/p>\n<h2>&nbsp;<\/h2>\n<h3> Koncept og udvikling <\/h3>\n<p class = \"firstpara\"> Style Inc. &#8211; Bj\u00f6rn B\u00fcrke <br \/> Schleswiger Str. 95 <br \/> 24941 Flensburg <\/p>\n<p>Web: www.styleinc.eu <\/p>\n<h3> Bekr\u00e6ftelse af billedkilde: <\/h3>\n<p> www.stock.adobe.com <\/p>\n<p>[\/et_pb_text][\/et_pb_column][\/et_pb_row][et_pb_row _builder_version=&#8221;3.25&#8243;][et_pb_column type=&#8221;4_4&#8243; _builder_version=&#8221;3.25&#8243; custom_padding=&#8221;|||&#8221; custom_padding__hover=&#8221;|||&#8221;][et_pb_text _builder_version=&#8221;3.27.4&#8243; max_width=&#8221;55%&#8221;]<\/p>\n<h3> Copyright <\/h3>\n<p> Indholdet og v\u00e6rkerne p\u00e5 disse sider oprettet af webstedsoperat\u00f8ren er underlagt tysk ophavsret. Kopiering, behandling, distribution og enhver form for brug ud over gr\u00e6nserne i ophavsretten kr\u00e6ver skriftlig tilladelse fra den respektive forfatter eller skaber. Downloads og kopier af denne side er kun tilladt til privat, ikke-kommercielt brug. S\u00e5 vidt indholdet p\u00e5 denne side ikke blev oprettet af operat\u00f8ren, respekteres tredjeparts ophavsret. Specielt indhold fra tredjepart er markeret som s\u00e5dan. Hvis du ikke desto mindre bliver opm\u00e6rksom p\u00e5 en kr\u00e6nkelse af ophavsret, skal du fort\u00e6lle os det. S\u00e5 snart vi bliver opm\u00e6rksomme p\u00e5 lovlige kr\u00e6nkelser, fjerner vi s\u00e5dant indhold med det samme. <\/p>\n<p>[\/et_pb_text][\/et_pb_column][\/et_pb_row][\/et_pb_section]<\/p>\n","protected":false},"excerpt":{"rendered":"<p>Kolofon Oplysninger i henhold til \u00a7 5 Telemedia Act (TMG) Farben S\u00f6rensen GmbH &#038; amp; Co. KG Friesische Str. 67 24937 Flensburg Tyskland Kontakt Tlf .: +49 (0) 461 50 32 40 Fax: +49 (0) 461 50 32 433 E-mail: info@farben-soerensen.de Registrer domstol: Landsret Flensburg Registreringsnummer: HRA 6126 Personligt ansvarlig partner til Farben S\u00f6rensen GmbH [&hellip;]<\/p>\n","protected":false},"author":1,"featured_media":0,"parent":0,"menu_order":0,"comment_status":"closed","ping_status":"closed","template":"","meta":{"_et_pb_use_builder":"on","_et_pb_old_content":"","_et_gb_content_width":"","footnotes":""},"class_list":["post-1410","page","type-page","status-publish","hentry"],"_links":{"self":[{"href":"https:\/\/farben-soerensen.de\/da\/wp-json\/wp\/v2\/pages\/1410","targetHints":{"allow":["GET"]}}],"collection":[{"href":"https:\/\/farben-soerensen.de\/da\/wp-json\/wp\/v2\/pages"}],"about":[{"href":"https:\/\/farben-soerensen.de\/da\/wp-json\/wp\/v2\/types\/page"}],"author":[{"embeddable":true,"href":"https:\/\/farben-soerensen.de\/da\/wp-json\/wp\/v2\/users\/1"}],"replies":[{"embeddable":true,"href":"https:\/\/farben-soerensen.de\/da\/wp-json\/wp\/v2\/comments?post=1410"}],"version-history":[{"count":2,"href":"https:\/\/farben-soerensen.de\/da\/wp-json\/wp\/v2\/pages\/1410\/revisions"}],"predecessor-version":[{"id":1528,"href":"https:\/\/farben-soerensen.de\/da\/wp-json\/wp\/v2\/pages\/1410\/revisions\/1528"}],"wp:attachment":[{"href":"https:\/\/farben-soerensen.de\/da\/wp-json\/wp\/v2\/media?parent=1410"}],"curies":[{"name":"wp","href":"https:\/\/api.w.org\/{rel}","templated":true}]}}